{"id":1874,"date":"2021-02-27T17:40:46","date_gmt":"2021-02-27T17:40:46","guid":{"rendered":"https:\/\/hotend.hr\/proizvodi\/bioclimatics\/"},"modified":"2021-11-25T09:46:11","modified_gmt":"2021-11-25T09:46:11","slug":"bioklimatska-pergola","status":"publish","type":"page","link":"https:\/\/hotend.hr\/hr\/proizvodi\/bioklimatska-pergola\/","title":{"rendered":"Bioklimatska pergola"},"content":{"rendered":"\t\t<div data-elementor-type=\"wp-page\" data-elementor-id=\"1874\" class=\"elementor elementor-1874\" data-elementor-settings=\"[]\">\n\t\t\t\t\t\t\t<div class=\"elementor-section-wrap\">\n\t\t\t\t\t\t\t<section class=\"elementor-section elementor-top-section elementor-element elementor-element-9f98642 elementor-section-full_width elementor-section-height-default elementor-section-height-default\" data-id=\"9f98642\" data-element_type=\"section\" data-settings=\"{&quot;background_background&quot;:&quot;classic&quot;}\">\n\t\t\t\t\t\t<div class=\"elementor-container elementor-column-gap-default\">\n\t\t\t\t\t<div class=\"elementor-column elementor-col-100 elementor-top-column elementor-element elementor-element-762b7df\" data-id=\"762b7df\" data-element_type=\"column\">\n\t\t\t<div class=\"elementor-widget-wrap elementor-element-populated\">\n\t\t\t\t\t\t\t\t<div class=\"elementor-element elementor-element-af96dc2 elementor-align-left elementor-widget elementor-widget-raven-breadcrumbs\" data-id=\"af96dc2\" data-element_type=\"widget\" data-widget_type=\"raven-breadcrumbs.default\">\n\t\t\t\t<div class=\"elementor-widget-container\">\n\t\t\t<div class=\"raven-breadcrumbs raven-breadcrumbs-default\"><ol class=\"breadcrumb\">\t\t\t\t<li class=\"breadcrumb-item active\" aria-current=\"page\"><span>Home<\/span><\/li>\n\n\t\t\t\t<\/ol><\/div>\t\t<\/div>\n\t\t\t\t<\/div>\n\t\t\t\t\t<\/div>\n\t\t<\/div>\n\t\t\t\t\t\t\t<\/div>\n\t\t<\/section>\n\t\t\t\t<section class=\"elementor-section elementor-top-section elementor-element elementor-element-7dd12db elementor-section-boxed elementor-section-height-default elementor-section-height-default\" data-id=\"7dd12db\" data-element_type=\"section\">\n\t\t\t\t\t\t<div class=\"elementor-container elementor-column-gap-default\">\n\t\t\t\t\t<div class=\"elementor-column elementor-col-100 elementor-top-column elementor-element elementor-element-640fd47\" data-id=\"640fd47\" data-element_type=\"column\">\n\t\t\t<div class=\"elementor-widget-wrap elementor-element-populated\">\n\t\t\t\t\t\t\t\t<div class=\"elementor-element elementor-element-c607730 elementor-widget elementor-widget-heading\" data-id=\"c607730\" data-element_type=\"widget\" data-widget_type=\"heading.default\">\n\t\t\t\t<div class=\"elementor-widget-container\">\n\t\t\t<h2 class=\"elementor-heading-title elementor-size-default\">Bioklimatske pergotende<\/h2>\t\t<\/div>\n\t\t\t\t<\/div>\n\t\t\t\t<div class=\"elementor-element elementor-element-a8cfcb0 elementor-widget elementor-widget-text-editor\" data-id=\"a8cfcb0\" data-element_type=\"widget\" data-widget_type=\"text-editor.default\">\n\t\t\t\t<div class=\"elementor-widget-container\">\n\t\t\t\t\t<div class=\"elementor-text-editor elementor-clearfix\"><p><strong>Corradijeve bioklimatske pergotende su aluminijske vanjske konstrukcije <\/strong>opremljene s lamelama koje se mogu rotirati daljinskim upravlja\u010dem ili, u nekim slu\u010dajevima, ru\u010dno. Rotacija lamela stvara okru\u017eenje koje je posebno ugodno u svim godi\u0161njim dobima, jer promjenom njihovog nagiba mo\u017eete kontrolirati sun\u010devu svjetlost i stupanj prirodne ventilacije u okoli\u0161u ispod, \u010dime se pode\u0161ava temperatura.<\/p><p>Time se stvara prilago\u0111ena mikroklima koja \u0107e zadovoljiti va\u0161e potrebe, dok je s potpuno zatvorenim lamelama prostor ispod za\u0161ti\u0107en od vremenskih prilika. Kombinirali smo prakti\u010dnost sa svojim nepogre\u0161ivim osje\u0107ajem za dizajn i vrhunskim tehni\u010dkim rje\u0161enjima, stvaraju\u0107i elegantnu mje\u0161avinu funkcionalnosti i stila. <\/p><\/div>\n\t\t\t\t<\/div>\n\t\t\t\t<\/div>\n\t\t\t\t\t<\/div>\n\t\t<\/div>\n\t\t\t\t\t\t\t<\/div>\n\t\t<\/section>\n\t\t\t\t<section class=\"elementor-section elementor-top-section elementor-element elementor-element-3749b1b elementor-section-full_width elementor-section-height-min-height elementor-section-height-default elementor-section-items-middle\" data-id=\"3749b1b\" data-element_type=\"section\" data-settings=\"{&quot;background_background&quot;:&quot;classic&quot;,&quot;shape_divider_top&quot;:&quot;tilt&quot;}\">\n\t\t\t\t\t<div class=\"elementor-shape elementor-shape-top\" data-negative=\"false\">\n\t\t\t<svg xmlns=\"http:\/\/www.w3.org\/2000\/svg\" viewBox=\"0 0 1000 100\" preserveAspectRatio=\"none\">\n\t<path class=\"elementor-shape-fill\" d=\"M0,6V0h1000v100L0,6z\"\/>\n<\/svg>\t\t<\/div>\n\t\t\t\t\t<div class=\"elementor-container elementor-column-gap-default\">\n\t\t\t\t\t<div class=\"elementor-column elementor-col-100 elementor-top-column elementor-element elementor-element-adeb011\" data-id=\"adeb011\" data-element_type=\"column\">\n\t\t\t<div class=\"elementor-widget-wrap\">\n\t\t\t\t\t\t\t\t\t<\/div>\n\t\t<\/div>\n\t\t\t\t\t\t\t<\/div>\n\t\t<\/section>\n\t\t\t\t<section class=\"elementor-section elementor-top-section elementor-element elementor-element-3bbf3b9 elementor-section-boxed elementor-section-height-default elementor-section-height-default\" data-id=\"3bbf3b9\" data-element_type=\"section\">\n\t\t\t\t\t\t<div class=\"elementor-container elementor-column-gap-default\">\n\t\t\t\t\t<div class=\"elementor-column elementor-col-100 elementor-top-column elementor-element elementor-element-2604d1e\" data-id=\"2604d1e\" data-element_type=\"column\">\n\t\t\t<div class=\"elementor-widget-wrap elementor-element-populated\">\n\t\t\t\t\t\t\t\t<section class=\"elementor-section elementor-inner-section elementor-element elementor-element-b217937 elementor-section-boxed elementor-section-height-default elementor-section-height-default\" data-id=\"b217937\" data-element_type=\"section\">\n\t\t\t\t\t\t<div class=\"elementor-container elementor-column-gap-default\">\n\t\t\t\t\t<div class=\"elementor-column elementor-col-33 elementor-inner-column elementor-element elementor-element-3b7dc28\" data-id=\"3b7dc28\" data-element_type=\"column\" data-settings=\"{&quot;background_background&quot;:&quot;classic&quot;}\">\n\t\t\t<div class=\"elementor-widget-wrap elementor-element-populated\">\n\t\t\t\t\t\t\t\t<div class=\"elementor-element elementor-element-43e6f95 elementor-widget elementor-widget-raven-image\" data-id=\"43e6f95\" data-element_type=\"widget\" data-widget_type=\"raven-image.default\">\n\t\t\t\t<div class=\"elementor-widget-container\">\n\t\t\t\t\t<div class=\"raven-image\">\n\t\t\n\t\t\t\t\t\t<a href=\"\/hr\/proizvodi\/bioklimatska-pergola\/imago\/\" class=\"elementor-clickable\" data-elementor-open-lightbox=\"\">\n\t\t\n\t\t<img loading=\"lazy\" decoding=\"async\" width=\"400\" height=\"300\" src=\"https:\/\/hotend.hr\/wp-content\/uploads\/2021\/02\/bioclimatics-01.jpg\" class=\"attachment-full size-full\" alt=\"\" srcset=\"https:\/\/hotend.hr\/wp-content\/uploads\/2021\/02\/bioclimatics-01.jpg 400w, https:\/\/hotend.hr\/wp-content\/uploads\/2021\/02\/bioclimatics-01-300x225.jpg 300w\" sizes=\"auto, (max-width: 400px) 100vw, 400px\" \/>\t\t\t<\/a>\n\t\t\t\t\t<\/div>\n\t\t\t\t<\/div>\n\t\t\t\t<\/div>\n\t\t\t\t<div class=\"elementor-element elementor-element-4cd6107 elementor-widget__width-auto elementor-widget elementor-widget-text-editor\" data-id=\"4cd6107\" data-element_type=\"widget\" data-widget_type=\"text-editor.default\">\n\t\t\t\t<div class=\"elementor-widget-container\">\n\t\t\t\t\t<div class=\"elementor-text-editor elementor-clearfix\"><p style=\"margin-bottom: 0 !important;\">Bioklimatska pergotenda<\/p><\/div>\n\t\t\t\t<\/div>\n\t\t\t\t<\/div>\n\t\t\t\t<div class=\"elementor-element elementor-element-7792762 elementor-widget elementor-widget-heading\" data-id=\"7792762\" data-element_type=\"widget\" data-widget_type=\"heading.default\">\n\t\t\t\t<div class=\"elementor-widget-container\">\n\t\t\t<h2 class=\"elementor-heading-title elementor-size-default\">Imago<\/h2>\t\t<\/div>\n\t\t\t\t<\/div>\n\t\t\t\t<div class=\"elementor-element elementor-element-df90581 elementor-widget elementor-widget-text-editor\" data-id=\"df90581\" data-element_type=\"widget\" data-widget_type=\"text-editor.default\">\n\t\t\t\t<div class=\"elementor-widget-container\">\n\t\t\t\t\t<div class=\"elementor-text-editor elementor-clearfix\"><p>Imago je bit va\u0161eg stila.<\/p><\/div>\n\t\t\t\t<\/div>\n\t\t\t\t<\/div>\n\t\t\t\t\t<\/div>\n\t\t<\/div>\n\t\t\t\t<div class=\"elementor-column elementor-col-33 elementor-inner-column elementor-element elementor-element-1533958\" data-id=\"1533958\" data-element_type=\"column\">\n\t\t\t<div class=\"elementor-widget-wrap elementor-element-populated\">\n\t\t\t\t\t\t\t\t<div class=\"elementor-element elementor-element-3f388b4 elementor-widget elementor-widget-raven-image\" data-id=\"3f388b4\" data-element_type=\"widget\" data-widget_type=\"raven-image.default\">\n\t\t\t\t<div class=\"elementor-widget-container\">\n\t\t\t\t\t<div class=\"raven-image\">\n\t\t\n\t\t\t\t\t\t<a href=\"\/hr\/proizvodi\/bioklimatska-pergola\/maestro\/\" class=\"elementor-clickable\" data-elementor-open-lightbox=\"\">\n\t\t\n\t\t<img loading=\"lazy\" decoding=\"async\" width=\"400\" height=\"300\" src=\"https:\/\/hotend.hr\/wp-content\/uploads\/2021\/02\/bioclimatics-02.jpg\" class=\"attachment-full size-full\" alt=\"\" srcset=\"https:\/\/hotend.hr\/wp-content\/uploads\/2021\/02\/bioclimatics-02.jpg 400w, https:\/\/hotend.hr\/wp-content\/uploads\/2021\/02\/bioclimatics-02-300x225.jpg 300w\" sizes=\"auto, (max-width: 400px) 100vw, 400px\" \/>\t\t\t<\/a>\n\t\t\t\t\t<\/div>\n\t\t\t\t<\/div>\n\t\t\t\t<\/div>\n\t\t\t\t<div class=\"elementor-element elementor-element-e7ec2d3 elementor-widget__width-auto elementor-widget elementor-widget-text-editor\" data-id=\"e7ec2d3\" data-element_type=\"widget\" data-widget_type=\"text-editor.default\">\n\t\t\t\t<div class=\"elementor-widget-container\">\n\t\t\t\t\t<div class=\"elementor-text-editor elementor-clearfix\"><p style=\"margin-bottom: 0 !important;\">Bioklimatska pergotenda<\/p><\/div>\n\t\t\t\t<\/div>\n\t\t\t\t<\/div>\n\t\t\t\t<div class=\"elementor-element elementor-element-72a4f8f elementor-widget elementor-widget-heading\" data-id=\"72a4f8f\" data-element_type=\"widget\" data-widget_type=\"heading.default\">\n\t\t\t\t<div class=\"elementor-widget-container\">\n\t\t\t<h2 class=\"elementor-heading-title elementor-size-default\">Maestro<\/h2>\t\t<\/div>\n\t\t\t\t<\/div>\n\t\t\t\t<div class=\"elementor-element elementor-element-318d705 elementor-widget elementor-widget-text-editor\" data-id=\"318d705\" data-element_type=\"widget\" data-widget_type=\"text-editor.default\">\n\t\t\t\t<div class=\"elementor-widget-container\">\n\t\t\t\t\t<div class=\"elementor-text-editor elementor-clearfix\">Jedan proizvod, vi\u0161e identiteta<\/div>\n\t\t\t\t<\/div>\n\t\t\t\t<\/div>\n\t\t\t\t\t<\/div>\n\t\t<\/div>\n\t\t\t\t<div class=\"elementor-column elementor-col-33 elementor-inner-column elementor-element elementor-element-3ebcb63\" data-id=\"3ebcb63\" data-element_type=\"column\">\n\t\t\t<div class=\"elementor-widget-wrap elementor-element-populated\">\n\t\t\t\t\t\t\t\t<div class=\"elementor-element elementor-element-649c119 elementor-widget elementor-widget-raven-image\" data-id=\"649c119\" data-element_type=\"widget\" data-widget_type=\"raven-image.default\">\n\t\t\t\t<div class=\"elementor-widget-container\">\n\t\t\t\t\t<div class=\"raven-image\">\n\t\t\n\t\t\t\t\t\t<a href=\"\/hr\/proizvodi\/bioklimatska-pergola\/alba\/\" class=\"elementor-clickable\" data-elementor-open-lightbox=\"\">\n\t\t\n\t\t<img loading=\"lazy\" decoding=\"async\" width=\"400\" height=\"300\" src=\"https:\/\/hotend.hr\/wp-content\/uploads\/2021\/02\/bioclimatics-03.jpg\" class=\"attachment-full size-full\" alt=\"\" srcset=\"https:\/\/hotend.hr\/wp-content\/uploads\/2021\/02\/bioclimatics-03.jpg 400w, https:\/\/hotend.hr\/wp-content\/uploads\/2021\/02\/bioclimatics-03-300x225.jpg 300w\" sizes=\"auto, (max-width: 400px) 100vw, 400px\" \/>\t\t\t<\/a>\n\t\t\t\t\t<\/div>\n\t\t\t\t<\/div>\n\t\t\t\t<\/div>\n\t\t\t\t<div class=\"elementor-element elementor-element-43de997 elementor-widget__width-auto elementor-widget elementor-widget-text-editor\" data-id=\"43de997\" data-element_type=\"widget\" data-widget_type=\"text-editor.default\">\n\t\t\t\t<div class=\"elementor-widget-container\">\n\t\t\t\t\t<div class=\"elementor-text-editor elementor-clearfix\"><p style=\"margin-bottom: 0 !important;\">Bioklimatska pergotenda<\/p><\/div>\n\t\t\t\t<\/div>\n\t\t\t\t<\/div>\n\t\t\t\t<div class=\"elementor-element elementor-element-8db3d4f elementor-widget elementor-widget-heading\" data-id=\"8db3d4f\" data-element_type=\"widget\" data-widget_type=\"heading.default\">\n\t\t\t\t<div class=\"elementor-widget-container\">\n\t\t\t<h2 class=\"elementor-heading-title elementor-size-default\">Alba<\/h2>\t\t<\/div>\n\t\t\t\t<\/div>\n\t\t\t\t<div class=\"elementor-element elementor-element-9250595 elementor-widget elementor-widget-text-editor\" data-id=\"9250595\" data-element_type=\"widget\" data-widget_type=\"text-editor.default\">\n\t\t\t\t<div class=\"elementor-widget-container\">\n\t\t\t\t\t<div class=\"elementor-text-editor elementor-clearfix\">Brojne konfiguracije za model visokih performansi<\/div>\n\t\t\t\t<\/div>\n\t\t\t\t<\/div>\n\t\t\t\t\t<\/div>\n\t\t<\/div>\n\t\t\t\t\t\t\t<\/div>\n\t\t<\/section>\n\t\t\t\t<section class=\"elementor-section elementor-inner-section elementor-element elementor-element-7ba4328 elementor-section-boxed elementor-section-height-default elementor-section-height-default\" data-id=\"7ba4328\" data-element_type=\"section\">\n\t\t\t\t\t\t<div class=\"elementor-container elementor-column-gap-default\">\n\t\t\t\t\t<div class=\"elementor-column elementor-col-33 elementor-inner-column elementor-element elementor-element-390585e\" data-id=\"390585e\" data-element_type=\"column\" data-settings=\"{&quot;background_background&quot;:&quot;classic&quot;}\">\n\t\t\t<div class=\"elementor-widget-wrap elementor-element-populated\">\n\t\t\t\t\t\t\t\t<div class=\"elementor-element elementor-element-038196e elementor-widget elementor-widget-raven-image\" data-id=\"038196e\" data-element_type=\"widget\" data-widget_type=\"raven-image.default\">\n\t\t\t\t<div class=\"elementor-widget-container\">\n\t\t\t\t\t<div class=\"raven-image\">\n\t\t\n\t\t\t\t\t\t<a href=\"\/hr\/proizvodi\/bioklimatska-pergola\/eteria\/\" class=\"elementor-clickable\" data-elementor-open-lightbox=\"\">\n\t\t\n\t\t<img loading=\"lazy\" decoding=\"async\" width=\"400\" height=\"300\" src=\"https:\/\/hotend.hr\/wp-content\/uploads\/2021\/02\/bioclimatics-04.jpg\" class=\"attachment-full size-full\" alt=\"\" srcset=\"https:\/\/hotend.hr\/wp-content\/uploads\/2021\/02\/bioclimatics-04.jpg 400w, https:\/\/hotend.hr\/wp-content\/uploads\/2021\/02\/bioclimatics-04-300x225.jpg 300w\" sizes=\"auto, (max-width: 400px) 100vw, 400px\" \/>\t\t\t<\/a>\n\t\t\t\t\t<\/div>\n\t\t\t\t<\/div>\n\t\t\t\t<\/div>\n\t\t\t\t<div class=\"elementor-element elementor-element-ceb7296 elementor-widget__width-auto elementor-widget elementor-widget-text-editor\" data-id=\"ceb7296\" data-element_type=\"widget\" data-widget_type=\"text-editor.default\">\n\t\t\t\t<div class=\"elementor-widget-container\">\n\t\t\t\t\t<div class=\"elementor-text-editor elementor-clearfix\"><p style=\"margin-bottom: 0 !important;\">Bioklimatska pergotenda<\/p><\/div>\n\t\t\t\t<\/div>\n\t\t\t\t<\/div>\n\t\t\t\t<div class=\"elementor-element elementor-element-3c4d23d elementor-widget elementor-widget-heading\" data-id=\"3c4d23d\" data-element_type=\"widget\" data-widget_type=\"heading.default\">\n\t\t\t\t<div class=\"elementor-widget-container\">\n\t\t\t<h2 class=\"elementor-heading-title elementor-size-default\">Eteria<\/h2>\t\t<\/div>\n\t\t\t\t<\/div>\n\t\t\t\t<div class=\"elementor-element elementor-element-3fbd4c2 elementor-widget elementor-widget-text-editor\" data-id=\"3fbd4c2\" data-element_type=\"widget\" data-widget_type=\"text-editor.default\">\n\t\t\t\t<div class=\"elementor-widget-container\">\n\t\t\t\t\t<div class=\"elementor-text-editor elementor-clearfix\">Osnovne karakteristike i maksimalna prakti\u010dnost<\/div>\n\t\t\t\t<\/div>\n\t\t\t\t<\/div>\n\t\t\t\t\t<\/div>\n\t\t<\/div>\n\t\t\t\t<div class=\"elementor-column elementor-col-33 elementor-inner-column elementor-element elementor-element-176b568\" data-id=\"176b568\" data-element_type=\"column\">\n\t\t\t<div class=\"elementor-widget-wrap\">\n\t\t\t\t\t\t\t\t\t<\/div>\n\t\t<\/div>\n\t\t\t\t<div class=\"elementor-column elementor-col-33 elementor-inner-column elementor-element elementor-element-87418e9\" data-id=\"87418e9\" data-element_type=\"column\">\n\t\t\t<div class=\"elementor-widget-wrap\">\n\t\t\t\t\t\t\t\t\t<\/div>\n\t\t<\/div>\n\t\t\t\t\t\t\t<\/div>\n\t\t<\/section>\n\t\t\t\t\t<\/div>\n\t\t<\/div>\n\t\t\t\t\t\t\t<\/div>\n\t\t<\/section>\n\t\t\t\t<section class=\"elementor-section elementor-top-section elementor-element elementor-element-72ac9e7 elementor-section-boxed elementor-section-height-default elementor-section-height-default\" data-id=\"72ac9e7\" data-element_type=\"section\" data-settings=\"{&quot;background_background&quot;:&quot;classic&quot;}\">\n\t\t\t\t\t\t<div class=\"elementor-container elementor-column-gap-default\">\n\t\t\t\t\t<div class=\"elementor-column elementor-col-50 elementor-top-column elementor-element elementor-element-0c0d152\" data-id=\"0c0d152\" data-element_type=\"column\">\n\t\t\t<div class=\"elementor-widget-wrap elementor-element-populated\">\n\t\t\t\t\t\t\t\t<div class=\"elementor-element elementor-element-5b26f5f elementor-widget elementor-widget-text-editor\" data-id=\"5b26f5f\" data-element_type=\"widget\" data-widget_type=\"text-editor.default\">\n\t\t\t\t<div class=\"elementor-widget-container\">\n\t\t\t\t\t<div class=\"elementor-text-editor elementor-clearfix\"><span style=\"font-size: 16px; font-weight: 400;\">ALL OUR<\/span><br \/>\nProducts<\/div>\n\t\t\t\t<\/div>\n\t\t\t\t<\/div>\n\t\t\t\t\t<\/div>\n\t\t<\/div>\n\t\t\t\t<div class=\"elementor-column elementor-col-50 elementor-top-column elementor-element elementor-element-c0bb626\" data-id=\"c0bb626\" data-element_type=\"column\">\n\t\t\t<div class=\"elementor-widget-wrap elementor-element-populated\">\n\t\t\t\t\t\t\t\t<div class=\"elementor-element elementor-element-6ea9221 elementor-widget__width-initial elementor-widget-tablet__width-inherit elementor-widget elementor-widget-heading\" data-id=\"6ea9221\" data-element_type=\"widget\" data-widget_type=\"heading.default\">\n\t\t\t\t<div class=\"elementor-widget-container\">\n\t\t\t<h3 class=\"elementor-heading-title elementor-size-default\">Pergotenda\u00ae<\/h3>\t\t<\/div>\n\t\t\t\t<\/div>\n\t\t\t\t<div class=\"elementor-element elementor-element-7e1165c elementor-widget__width-initial elementor-widget-tablet__width-inherit elementor-widget elementor-widget-heading\" data-id=\"7e1165c\" data-element_type=\"widget\" data-widget_type=\"heading.default\">\n\t\t\t\t<div class=\"elementor-widget-container\">\n\t\t\t<h3 class=\"elementor-heading-title elementor-size-default\">Bioclimatics<\/h3>\t\t<\/div>\n\t\t\t\t<\/div>\n\t\t\t\t<div class=\"elementor-element elementor-element-1c246fd elementor-widget__width-initial elementor-widget-tablet__width-inherit elementor-widget elementor-widget-heading\" data-id=\"1c246fd\" data-element_type=\"widget\" data-widget_type=\"heading.default\">\n\t\t\t\t<div class=\"elementor-widget-container\">\n\t\t\t<h3 class=\"elementor-heading-title elementor-size-default\">Closures and Accessories<\/h3>\t\t<\/div>\n\t\t\t\t<\/div>\n\t\t\t\t<div class=\"elementor-element elementor-element-c8f2ffe elementor-widget__width-initial elementor-widget-tablet__width-inherit elementor-widget elementor-widget-heading\" data-id=\"c8f2ffe\" data-element_type=\"widget\" data-widget_type=\"heading.default\">\n\t\t\t\t<div class=\"elementor-widget-container\">\n\t\t\t<h3 class=\"elementor-heading-title elementor-size-default\">Sun Sails<\/h3>\t\t<\/div>\n\t\t\t\t<\/div>\n\t\t\t\t\t<\/div>\n\t\t<\/div>\n\t\t\t\t\t\t\t<\/div>\n\t\t<\/section>\n\t\t\t\t\t\t<\/div>\n\t\t\t\t\t<\/div>\n\t\t","protected":false},"excerpt":{"rendered":"<p>Home Bioklimatske pergotende Corradijeve bioklimatske pergotende su aluminijske vanjske konstrukcije opremljene s lamelama koje se mogu rotirati daljinskim upravlja\u010dem ili, u nekim slu\u010dajevima, ru\u010dno. Rotacija lamela stvara okru\u017eenje koje je posebno ugodno u svim godi\u0161njim dobima, jer promjenom njihovog nagiba mo\u017eete kontrolirati sun\u010devu svjetlost i stupanj prirodne ventilacije u okoli\u0161u ispod, \u010dime se pode\u0161ava temperatura. [&hellip;]<\/p>\n","protected":false},"author":1,"featured_media":0,"parent":1832,"menu_order":0,"comment_status":"closed","ping_status":"closed","template":"elementor_header_footer","meta":{"footnotes":""},"class_list":["post-1874","page","type-page","status-publish","hentry"],"_links":{"self":[{"href":"https:\/\/hotend.hr\/hr\/wp-json\/wp\/v2\/pages\/1874","targetHints":{"allow":["GET"]}}],"collection":[{"href":"https:\/\/hotend.hr\/hr\/wp-json\/wp\/v2\/pages"}],"about":[{"href":"https:\/\/hotend.hr\/hr\/wp-json\/wp\/v2\/types\/page"}],"author":[{"embeddable":true,"href":"https:\/\/hotend.hr\/hr\/wp-json\/wp\/v2\/users\/1"}],"replies":[{"embeddable":true,"href":"https:\/\/hotend.hr\/hr\/wp-json\/wp\/v2\/comments?post=1874"}],"version-history":[{"count":16,"href":"https:\/\/hotend.hr\/hr\/wp-json\/wp\/v2\/pages\/1874\/revisions"}],"predecessor-version":[{"id":2458,"href":"https:\/\/hotend.hr\/hr\/wp-json\/wp\/v2\/pages\/1874\/revisions\/2458"}],"up":[{"embeddable":true,"href":"https:\/\/hotend.hr\/hr\/wp-json\/wp\/v2\/pages\/1832"}],"wp:attachment":[{"href":"https:\/\/hotend.hr\/hr\/wp-json\/wp\/v2\/media?parent=1874"}],"curies":[{"name":"wp","href":"https:\/\/api.w.org\/{rel}","templated":true}]}}