{"id":1939,"date":"2021-02-27T17:41:41","date_gmt":"2021-02-27T17:41:41","guid":{"rendered":"https:\/\/hotend.hr\/proizvodi\/sun-sails\/"},"modified":"2021-04-07T16:02:57","modified_gmt":"2021-04-07T16:02:57","slug":"sun-sails-by-sunsquare","status":"publish","type":"page","link":"https:\/\/hotend.hr\/hr\/proizvodi\/sun-sails-by-sunsquare\/","title":{"rendered":"Sun sails by SunSquare"},"content":{"rendered":"\t\t<div data-elementor-type=\"wp-page\" data-elementor-id=\"1939\" class=\"elementor elementor-1939\" data-elementor-settings=\"[]\">\n\t\t\t\t\t\t\t<div class=\"elementor-section-wrap\">\n\t\t\t\t\t\t\t<section class=\"elementor-section elementor-top-section elementor-element elementor-element-2ff1fad elementor-section-full_width elementor-section-height-default elementor-section-height-default\" data-id=\"2ff1fad\" data-element_type=\"section\">\n\t\t\t\t\t\t<div class=\"elementor-container elementor-column-gap-no\">\n\t\t\t\t\t<div class=\"elementor-column elementor-col-100 elementor-top-column elementor-element elementor-element-0ba5d91\" data-id=\"0ba5d91\" data-element_type=\"column\">\n\t\t\t<div class=\"elementor-widget-wrap elementor-element-populated\">\n\t\t\t\t\t\t\t\t<div class=\"elementor-element elementor-element-8bd2a07 elementor-widget elementor-widget-jet-slider\" data-id=\"8bd2a07\" data-element_type=\"widget\" data-widget_type=\"jet-slider.default\">\n\t\t\t\t<div class=\"elementor-widget-container\">\n\t\t\t<div class=\"elementor-jet-slider jet-elements\">\n<div class=\"jet-slider jet-slider__image-exact\" data-settings='{\"sliderWidth\":{\"unit\":\"%\",\"size\":100,\"sizes\":[]},\"sliderHeight\":{\"unit\":\"vh\",\"size\":90,\"sizes\":[]},\"sliderHeightTablet\":{\"unit\":\"px\",\"size\":\"\",\"sizes\":[]},\"sliderHeightMobile\":{\"unit\":\"px\",\"size\":\"\",\"sizes\":[]},\"sliderNavigation\":true,\"sliderNavigationIcon\":\"jet-slider__arrow-icon-8bd2a07\",\"sliderNaviOnHover\":false,\"sliderPagination\":true,\"sliderAutoplay\":true,\"sliderAutoplayDelay\":5000,\"sliderAutoplayOnHover\":\"pause\",\"sliderFullScreen\":false,\"sliderFullscreenIcon\":\"jet-slider__fullscreen-icon-8bd2a07\",\"sliderShuffle\":false,\"sliderLoop\":true,\"sliderFadeMode\":false,\"slideDistance\":{\"unit\":\"px\",\"size\":10,\"sizes\":[]},\"slideDuration\":500,\"imageScaleMode\":\"exact\",\"thumbnails\":false,\"thumbnailWidth\":120,\"thumbnailWidthTablet\":\"\",\"thumbnailWidthMobile\":\"\",\"thumbnailHeight\":80,\"thumbnailHeightTablet\":\"\",\"thumbnailHeightMobile\":\"\",\"rightToLeft\":false,\"touchswipe\":true}'>\n\t\n<div class=\"slider-pro\"><div class=\"jet-slider__arrow-icon-8bd2a07 hidden-html\"><i aria-hidden=\"true\" class=\"fas fa-angle-left\"><\/i><\/div><div class=\"jet-slider__fullscreen-icon-8bd2a07 hidden-html\"><\/div><div class=\"jet-slider__items sp-slides\">\n\n<div  class=\"jet-slider__item sp-slide\"><img decoding=\"async\" class=\"sp-image\" src=\"https:\/\/hotend.hr\/wp-content\/uploads\/2021\/04\/dubai-palm-jumeirah_10.jpg\" alt=\"dubai-palm-jumeirah_10\"><div class=\"jet-slider__content sp-layer\" data-position=\"centerCenter\" data-width=\"100%\" data-height=\"100%\" data-horizontal=\"0%\" data-show-transition=\"up\" data-show-duration=\"400\" data-show-delay=\"400\">\n\t\t<div class=\"jet-slider__content-item\">\n\t\t\t<div class=\"jet-slider__content-inner\"><h2 class=\"jet-slider__title\">DUBAI PALM JUMEIRAH<\/h2>\n\t\t\t\t\t\t<div class=\"jet-slider__button-wrapper\">\t\t\t\t\t\t<\/div><\/div>\n\t\t<\/div>\n\t<\/div>\n<\/div>\n\n<div  class=\"jet-slider__item sp-slide\"><img decoding=\"async\" class=\"sp-image\" src=\"https:\/\/hotend.hr\/wp-content\/uploads\/2021\/04\/haus_m_02.jpg\" alt=\"haus_m_02\"><div class=\"jet-slider__content sp-layer\" data-position=\"centerCenter\" data-width=\"100%\" data-height=\"100%\" data-horizontal=\"0%\" data-show-transition=\"up\" data-show-duration=\"400\" data-show-delay=\"400\">\n\t\t<div class=\"jet-slider__content-item\">\n\t\t\t<div class=\"jet-slider__content-inner\"><h2 class=\"jet-slider__title\">SONNENSEGEL MALLORCA PRIVAT<\/h2>\n\t\t\t\t\t\t<div class=\"jet-slider__button-wrapper\">\t\t\t\t\t\t<\/div><\/div>\n\t\t<\/div>\n\t<\/div>\n<\/div>\n\n<div  class=\"jet-slider__item sp-slide\"><img decoding=\"async\" class=\"sp-image\" src=\"https:\/\/hotend.hr\/wp-content\/uploads\/2021\/04\/1-bosch.jpg\" alt=\"1-bosch\"><div class=\"jet-slider__content sp-layer\" data-position=\"centerCenter\" data-width=\"100%\" data-height=\"100%\" data-horizontal=\"0%\" data-show-transition=\"up\" data-show-duration=\"400\" data-show-delay=\"400\">\n\t\t<div class=\"jet-slider__content-item\">\n\t\t\t<div class=\"jet-slider__content-inner\"><h2 class=\"jet-slider__title\">BOSCH<\/h2>\n\t\t\t\t\t\t<div class=\"jet-slider__button-wrapper\">\t\t\t\t\t\t<\/div><\/div>\n\t\t<\/div>\n\t<\/div>\n<\/div>\n\n<div  class=\"jet-slider__item sp-slide\"><img decoding=\"async\" class=\"sp-image\" src=\"https:\/\/hotend.hr\/wp-content\/uploads\/2021\/04\/sunsquare_regalia_miami.jpg\" alt=\"sunsquare_regalia_miami\"><div class=\"jet-slider__content sp-layer\" data-position=\"centerCenter\" data-width=\"100%\" data-height=\"100%\" data-horizontal=\"0%\" data-show-transition=\"up\" data-show-duration=\"400\" data-show-delay=\"400\">\n\t\t<div class=\"jet-slider__content-item\">\n\t\t\t<div class=\"jet-slider__content-inner\"><h5 class=\"jet-slider__title\">REGALIA MIAMI<\/h5>\n\t\t\t\t\t\t<div class=\"jet-slider__button-wrapper\">\t\t\t\t\t\t<\/div><\/div>\n\t\t<\/div>\n\t<\/div>\n<\/div>\n\n<div  class=\"jet-slider__item sp-slide\"><img decoding=\"async\" class=\"sp-image\" src=\"https:\/\/hotend.hr\/wp-content\/uploads\/2021\/04\/7pines_terrace_view_0.jpg\" alt=\"7pines_terrace_view_0\"><div class=\"jet-slider__content sp-layer\" data-position=\"centerCenter\" data-width=\"100%\" data-height=\"100%\" data-horizontal=\"0%\" data-show-transition=\"up\" data-show-duration=\"400\" data-show-delay=\"400\">\n\t\t<div class=\"jet-slider__content-item\">\n\t\t\t<div class=\"jet-slider__content-inner\"><h2 class=\"jet-slider__title\">7 PINES RESORT IBIZA<\/h2>\n\t\t\t\t\t\t<div class=\"jet-slider__button-wrapper\">\t\t\t\t\t\t<\/div><\/div>\n\t\t<\/div>\n\t<\/div>\n<\/div>\n\n<\/div>\n<\/div>\n<\/div>\n<\/div>\t\t<\/div>\n\t\t\t\t<\/div>\n\t\t\t\t\t<\/div>\n\t\t<\/div>\n\t\t\t\t\t\t\t<\/div>\n\t\t<\/section>\n\t\t\t\t<section class=\"elementor-section elementor-top-section elementor-element elementor-element-e9c568d elementor-section-boxed elementor-section-height-default elementor-section-height-default\" data-id=\"e9c568d\" data-element_type=\"section\">\n\t\t\t\t\t\t<div class=\"elementor-container elementor-column-gap-default\">\n\t\t\t\t\t<div class=\"elementor-column elementor-col-100 elementor-top-column elementor-element elementor-element-f0321e8\" data-id=\"f0321e8\" data-element_type=\"column\">\n\t\t\t<div class=\"elementor-widget-wrap elementor-element-populated\">\n\t\t\t\t\t\t\t\t<div class=\"elementor-element elementor-element-7a95ed3 elementor-widget elementor-widget-heading\" data-id=\"7a95ed3\" data-element_type=\"widget\" data-widget_type=\"heading.default\">\n\t\t\t\t<div class=\"elementor-widget-container\">\n\t\t\t<h2 class=\"elementor-heading-title elementor-size-default\">Original<\/h2>\t\t<\/div>\n\t\t\t\t<\/div>\n\t\t\t\t<div class=\"elementor-element elementor-element-49dae77 elementor-widget elementor-widget-heading\" data-id=\"49dae77\" data-element_type=\"widget\" data-widget_type=\"heading.default\">\n\t\t\t\t<div class=\"elementor-widget-container\">\n\t\t\t<h2 class=\"elementor-heading-title elementor-size-default\">12 DOBRIH RAZLOGA ZA ORIGINALNO SUNSQUARE JEDRO<\/h2>\t\t<\/div>\n\t\t\t\t<\/div>\n\t\t\t\t<div class=\"elementor-element elementor-element-646142a elementor-widget elementor-widget-text-editor\" data-id=\"646142a\" data-element_type=\"widget\" data-widget_type=\"text-editor.default\">\n\t\t\t\t<div class=\"elementor-widget-container\">\n\t\t\t\t\t<div class=\"elementor-text-editor elementor-clearfix\"><div class=\"wrapper characters-count txt-overflow\"><div class=\"wrapper characters-count txt-overflow\"><p>SunSquare je izumitelj sklopivih jedara\u00a0 koja se potpuno automatski putem senzora otvaraju i zatvaraju. Jedrima se upravlja putem daljinskog upravlja\u010da i za\u0161ti\u0107ei su od vjetra senzorom za vjetar. Njihov patent je za\u0161ti\u0107en na razini cijelog svijeta. \u00a0<\/p><\/div><\/div><\/div>\n\t\t\t\t<\/div>\n\t\t\t\t<\/div>\n\t\t\t\t<div class=\"elementor-element elementor-element-535c94f elementor-widget elementor-widget-jet-accordion\" data-id=\"535c94f\" data-element_type=\"widget\" data-widget_type=\"jet-accordion.default\">\n\t\t\t\t<div class=\"elementor-widget-container\">\n\t\t\t\t\t<div class=\"jet-accordion\" data-settings=\"{&quot;collapsible&quot;:false,&quot;ajaxTemplate&quot;:false}\" role=\"tablist\">\n\t\t\t<div class=\"jet-accordion__inner\">\n\t\t\t\t<div class=\"jet-accordion__item jet-toggle jet-toggle-move-up-effect \">\n\t\t\t\t\t\t\t<div id=\"jet-toggle-control-8741\" class=\"jet-toggle__control elementor-menu-anchor\" data-toggle=\"1\" role=\"tab\" aria-controls=\"jet-toggle-content-8741\" aria-expanded=\"false\" data-template-id=\"false\">\n\t\t\t\t\t\t\t\t<div class=\"jet-toggle__label-text\">SVI RAZLOZI<\/div>\t\t\t\t\t\t\t<\/div>\n\t\t\t\t\t\t\t<div id=\"jet-toggle-content-8741\" class=\"jet-toggle__content\" data-toggle=\"1\" role=\"tabpanel\" aria-hidden=\"true\" data-template-id=\"false\">\n\t\t\t\t\t\t\t\t<div class=\"jet-toggle__content-inner\"><h2>GOOD REASONS FOR AN ORIGINAL SUNSQUARE\u00ae SUNSAIL<\/h2><p><strong>THE ORIGINAL<\/strong> &#8211; SunSquare\u00ae is the inventor of fully automated, remote controlled, wind monitored rollable awning systems with worldwide patent protection. The patented drive system guarantees reduced, soft load introductions to the entire technology. Since 1993, more than 7,000 systems have been supplied worldwide and SunSquare\u00ae allowed to manage call leader.<\/p><p><strong>RESEARCH &amp; DEVELOPMENT<\/strong> &#8211; SunSquare\u00ae researches and develops continuously. The design of all mechanical components comes from the hand of Gerald WURZ and were taken in collaboration with Norbert KAUTZKY for series production. The design language runs through all components like a red thread and has won a REDDOT DESIGN AWARD.<\/p><p><strong>FUNCTIONALITY<\/strong> &#8211; SunSquare\u00ae does not use non-industry components such as Yacht Accessories. All components match their function and are developed and produced for their usage.<\/p><p><strong>COOPERATION<\/strong> &#8211; SunSquare\u00ae cooperates with renowned and internationally recognized and successful companies such as Somfy, Sattler, Dickson, Serge Ferrari and Teufelberger.<\/p><p><strong>DRIVE &amp; CONTROL<\/strong> &#8211; SunSquare\u00ae relies on motors and controls the brand Somfy. Technical know-how-edge, quality and durability features of these products.<\/p><p><strong>TRACTION<\/strong> &#8211; SunSquare\u00ae trusts Dyneema\u00ae ropes branded TEUFELBERGER &#8211; the market leader in the field of modern and contemporary rope production. The 32-plait sheathing protects the Dyneema\u00ae core against UV radiation and abrasion &#8211; thus our ropes are always stained black &#8211; a design feature.<\/p><p><strong>QUALITY<\/strong> &#8211; SunSquare\u00ae relies on canvases of brands SATTLER, DICKSON and SERGE FERRARI. These canvases are the high-end products on the market and are characterized by the high quality of workmanship and the high quality cloth body &#8211; dope dyed and UV-resistant.<\/p><p><strong>NIROSTA<\/strong> &#8211; SunSquare\u00ae trusts in V4A-stainless steel grade 1.4404 and 1.4571 &#8211; the increased resistance to corrosion and pitting predestined these steels for use outdoors. With tube wall thicknesses of 3.6mm and partly internal steel cores with 12mm wall thickness, the necessary dimension for our the supports is even exceeded for our use.<\/p><p><strong>STABILITY <\/strong>&#8211; SunSquare\u00ae has NIROLINE\u00ae &#8211; the largest and most complex fastening system at the awning market. Loved by our customers &#8211; admired by architects and engineers.<\/p><p><strong>STANDARD<\/strong> &#8211; SunSquare\u00ae trusts in the EN-1090 certification and the company\u2018s internal factory testing of all components. All internal welding production steps as well as all the welding technicians themselves are certified according to EN-1090.<\/p><p><strong>DESIGN<\/strong> &#8211; SunSquare\u00ae plans every awning with maximum accuracy. The SunSquare\u00ae Designers use 2D- and 3D-CAD-programs or the measuring tool developed by SunSquare\u00ae for the 1:1-simulation on site. When planning very complex projects, the partners are supported by the SunSquare headquarters.<\/p><p><strong>PARTNERSHIP<\/strong> &#8211; SunSquare\u00ae relies on its certified retailers. All partners undergo a three day training course and are informed about continuous improvement &#8211; so, a knowledge on the state of the sunsail-technology and best advice to the customer can be guaranteed.<\/p><\/div>\n\t\t\t\t\t\t\t<\/div>\n\t\t\t\t\t\t<\/div>\t\t\t<\/div>\n\t\t<\/div>\n\t\t\t\t<\/div>\n\t\t\t\t<\/div>\n\t\t\t\t\t<\/div>\n\t\t<\/div>\n\t\t\t\t\t\t\t<\/div>\n\t\t<\/section>\n\t\t\t\t<section class=\"elementor-section elementor-top-section elementor-element elementor-element-3f58699 elementor-section-boxed elementor-section-height-default elementor-section-height-default\" data-id=\"3f58699\" data-element_type=\"section\">\n\t\t\t\t\t\t<div class=\"elementor-container elementor-column-gap-default\">\n\t\t\t\t\t<div class=\"elementor-column elementor-col-100 elementor-top-column elementor-element elementor-element-5c215da\" data-id=\"5c215da\" data-element_type=\"column\">\n\t\t\t<div class=\"elementor-widget-wrap elementor-element-populated\">\n\t\t\t\t\t\t\t\t<div class=\"elementor-element elementor-element-8af5f3d elementor-widget elementor-widget-heading\" data-id=\"8af5f3d\" data-element_type=\"widget\" data-widget_type=\"heading.default\">\n\t\t\t\t<div class=\"elementor-widget-container\">\n\t\t\t<h2 class=\"elementor-heading-title elementor-size-default\">Posljednji projekti<\/h2>\t\t<\/div>\n\t\t\t\t<\/div>\n\t\t\t\t<div class=\"elementor-element elementor-element-434cc33 elementor-widget elementor-widget-jet-portfolio\" data-id=\"434cc33\" data-element_type=\"widget\" data-widget_type=\"jet-portfolio.default\">\n\t\t\t\t<div class=\"elementor-widget-container\">\n\t\t\t<div class=\"elementor-jet-portfolio jet-elements\">\n<div class=\"jet-portfolio layout-type-grid preset-type-4 layout-desktop-column-3  \" data-settings=\"{&quot;layoutType&quot;:&quot;grid&quot;,&quot;columns&quot;:3,&quot;columnsTablet&quot;:&quot;&quot;,&quot;columnsMobile&quot;:&quot;&quot;,&quot;perPage&quot;:6}\"><div class=\"jet-portfolio__list\"><article class=\"jet-portfolio__item visible-status\" data-slug=\"{&quot;0&quot;:&quot;all&quot;}\">\n\t<div class=\"jet-portfolio__inner\">\n\t\t<a class=\"jet-portfolio__link \" href=\"https:\/\/www.sunsquare.com\/project\/castello-del-sole-ascona-switzerland\">\n\t\t\t<div class=\"jet-portfolio__image\">\n\t\t\t\t<img decoding=\"async\" class=\"jet-portfolio__image-instance\" src=\"https:\/\/hotend.hr\/wp-content\/uploads\/2021\/04\/herbststimmung_in_ascona_4631.jpg\" width=\"1600\" height=\"1067\"  alt=\"herbststimmung_in_ascona_4631\" loading=\"lazy\">\t\t\t\t<div class=\"jet-portfolio__image-loader\"><span><\/span><\/div>\n\t\t\t<\/div>\n\t\t<\/a>\n\t\t<div class=\"jet-portfolio__content\">\n\t\t\t<div class=\"jet-portfolio__content-inner\"><h4 class=\"jet-portfolio__title\">Castello del Sole, Ascona, Switzerland<\/h4><\/div>\n\t\t<\/div>\n\t<\/div>\n<\/article><article class=\"jet-portfolio__item visible-status\" data-slug=\"{&quot;0&quot;:&quot;all&quot;}\">\n\t<div class=\"jet-portfolio__inner\">\n\t\t<a class=\"jet-portfolio__link \" href=\"https:\/\/www.sunsquare.com\/project\/cool-pool-spain\">\n\t\t\t<div class=\"jet-portfolio__image\">\n\t\t\t\t<img decoding=\"async\" class=\"jet-portfolio__image-instance\" src=\"https:\/\/hotend.hr\/wp-content\/uploads\/2021\/04\/106948_cf084041_s.jpg\" width=\"1600\" height=\"1200\"  alt=\"106948_cf084041_s\" loading=\"lazy\">\t\t\t\t<div class=\"jet-portfolio__image-loader\"><span><\/span><\/div>\n\t\t\t<\/div>\n\t\t<\/a>\n\t\t<div class=\"jet-portfolio__content\">\n\t\t\t<div class=\"jet-portfolio__content-inner\"><h4 class=\"jet-portfolio__title\"> Cool at the Pool, Spain <\/h4><\/div>\n\t\t<\/div>\n\t<\/div>\n<\/article><article class=\"jet-portfolio__item visible-status\" data-slug=\"{&quot;0&quot;:&quot;all&quot;}\">\n\t<div class=\"jet-portfolio__inner\">\n\t\t<a class=\"jet-portfolio__link \" href=\"https:\/\/www.sunsquare.com\/project\/sea-spain\">\n\t\t\t<div class=\"jet-portfolio__image\">\n\t\t\t\t<img decoding=\"async\" class=\"jet-portfolio__image-instance\" src=\"https:\/\/hotend.hr\/wp-content\/uploads\/2021\/04\/106553_cf084150_s.jpg\" width=\"1600\" height=\"1200\"  alt=\"106553_cf084150_s\" loading=\"lazy\">\t\t\t\t<div class=\"jet-portfolio__image-loader\"><span><\/span><\/div>\n\t\t\t<\/div>\n\t\t<\/a>\n\t\t<div class=\"jet-portfolio__content\">\n\t\t\t<div class=\"jet-portfolio__content-inner\"><h4 class=\"jet-portfolio__title\">The Sea, Spain<\/h4><\/div>\n\t\t<\/div>\n\t<\/div>\n<\/article><article class=\"jet-portfolio__item visible-status\" data-slug=\"{&quot;0&quot;:&quot;all&quot;}\">\n\t<div class=\"jet-portfolio__inner\">\n\t\t<a class=\"jet-portfolio__link \" href=\"https:\/\/www.sunsquare.com\/project\/oasis-relaxation-germany\">\n\t\t\t<div class=\"jet-portfolio__image\">\n\t\t\t\t<img decoding=\"async\" class=\"jet-portfolio__image-instance\" src=\"https:\/\/hotend.hr\/wp-content\/uploads\/2021\/04\/107824_img_1363_rev.jpg\" width=\"1600\" height=\"1200\"  alt=\"107824_img_1363_rev\" loading=\"lazy\">\t\t\t\t<div class=\"jet-portfolio__image-loader\"><span><\/span><\/div>\n\t\t\t<\/div>\n\t\t<\/a>\n\t\t<div class=\"jet-portfolio__content\">\n\t\t\t<div class=\"jet-portfolio__content-inner\"><h4 class=\"jet-portfolio__title\"> Oasis of relaxation, Germany <\/h4><\/div>\n\t\t<\/div>\n\t<\/div>\n<\/article><article class=\"jet-portfolio__item visible-status\" data-slug=\"{&quot;0&quot;:&quot;all&quot;}\">\n\t<div class=\"jet-portfolio__inner\">\n\t\t<a class=\"jet-portfolio__link \" href=\"https:\/\/www.sunsquare.com\/project\/high-austria\">\n\t\t\t<div class=\"jet-portfolio__image\">\n\t\t\t\t<img decoding=\"async\" class=\"jet-portfolio__image-instance\" src=\"https:\/\/hotend.hr\/wp-content\/uploads\/2021\/04\/speisinger_1013.jpg\" width=\"1600\" height=\"1200\"  alt=\"speisinger_1013\" loading=\"lazy\">\t\t\t\t<div class=\"jet-portfolio__image-loader\"><span><\/span><\/div>\n\t\t\t<\/div>\n\t\t<\/a>\n\t\t<div class=\"jet-portfolio__content\">\n\t\t\t<div class=\"jet-portfolio__content-inner\"><h4 class=\"jet-portfolio__title\"> High up, Austria <\/h4><\/div>\n\t\t<\/div>\n\t<\/div>\n<\/article><article class=\"jet-portfolio__item visible-status\" data-slug=\"{&quot;0&quot;:&quot;all&quot;}\">\n\t<div class=\"jet-portfolio__inner\">\n\t\t<a class=\"jet-portfolio__link \" href=\"https:\/\/www.sunsquare.com\/project\/beachfeeling-spain\">\n\t\t\t<div class=\"jet-portfolio__image\">\n\t\t\t\t<img decoding=\"async\" class=\"jet-portfolio__image-instance\" src=\"https:\/\/hotend.hr\/wp-content\/uploads\/2021\/04\/58989_cf084452_s.jpg\" width=\"1600\" height=\"1200\"  alt=\"58989_cf084452_s\" loading=\"lazy\">\t\t\t\t<div class=\"jet-portfolio__image-loader\"><span><\/span><\/div>\n\t\t\t<\/div>\n\t\t<\/a>\n\t\t<div class=\"jet-portfolio__content\">\n\t\t\t<div class=\"jet-portfolio__content-inner\"><h4 class=\"jet-portfolio__title\"> Beachfeeling, Spain <\/h4><\/div>\n\t\t<\/div>\n\t<\/div>\n<\/article><\/div><\/div>\n<\/div>\t\t<\/div>\n\t\t\t\t<\/div>\n\t\t\t\t<div class=\"elementor-element elementor-element-c634a68 elementor-align-center elementor-widget elementor-widget-raven-button\" data-id=\"c634a68\" data-element_type=\"widget\" data-widget_type=\"raven-button.default\">\n\t\t\t\t<div class=\"elementor-widget-container\">\n\t\t\t\t\t<div class=\"raven-widget-wrapper\">\n\t\t\t<a class=\"raven-button raven-button-link\" href=\"https:\/\/www.sunsquare.com\/projects\" target=\"_blank\">\n\t\t\t\t<span class=\"raven-button-content\">\n\t\t\t\t\t\t\t\t\t\t<span class=\"raven-button-text\">\n\t\t\t\t\t\tVi\u0161e projekata\t\t\t\t\t\t\t\t\t\t\t<\/span>\n\t\t\t\t<\/span>\n\t\t\t<\/a>\n\t\t<\/div>\n\t\t\t\t<\/div>\n\t\t\t\t<\/div>\n\t\t\t\t\t<\/div>\n\t\t<\/div>\n\t\t\t\t\t\t\t<\/div>\n\t\t<\/section>\n\t\t\t\t<section class=\"elementor-section elementor-top-section elementor-element elementor-element-905c7b5 elementor-section-boxed elementor-section-height-default elementor-section-height-default\" data-id=\"905c7b5\" data-element_type=\"section\">\n\t\t\t\t\t\t<div class=\"elementor-container elementor-column-gap-default\">\n\t\t\t\t\t<div class=\"elementor-column elementor-col-100 elementor-top-column elementor-element elementor-element-e552526\" data-id=\"e552526\" data-element_type=\"column\">\n\t\t\t<div class=\"elementor-widget-wrap elementor-element-populated\">\n\t\t\t\t\t\t\t\t<div class=\"elementor-element elementor-element-8912deb elementor-widget elementor-widget-heading\" data-id=\"8912deb\" data-element_type=\"widget\" data-widget_type=\"heading.default\">\n\t\t\t\t<div class=\"elementor-widget-container\">\n\t\t\t<h2 class=\"elementor-heading-title elementor-size-default\">FOLD & ROLL<\/h2>\t\t<\/div>\n\t\t\t\t<\/div>\n\t\t\t\t<div class=\"elementor-element elementor-element-d910bf5 elementor-widget elementor-widget-heading\" data-id=\"d910bf5\" data-element_type=\"widget\" data-widget_type=\"heading.default\">\n\t\t\t\t<div class=\"elementor-widget-container\">\n\t\t\t<h2 class=\"elementor-heading-title elementor-size-default\">Nova luksuzna sklopiva jedra iz Sunsquare obitelji<\/h2>\t\t<\/div>\n\t\t\t\t<\/div>\n\t\t\t\t<div class=\"elementor-element elementor-element-a97ce37 elementor-widget elementor-widget-text-editor\" data-id=\"a97ce37\" data-element_type=\"widget\" data-widget_type=\"text-editor.default\">\n\t\t\t\t<div class=\"elementor-widget-container\">\n\t\t\t\t\t<div class=\"elementor-text-editor elementor-clearfix\"><div class=\"wrapper characters-count txt-overflow\"><div class=\"wrapper characters-count txt-overflow\"><p>S mogu\u0107no\u0161\u0107u rotiranja od \u00a0270 stupnjeva, jedro od \u00a030 m\u00b2 omogu\u0107uje sjenu- za\u0161titu od sunca u povr\u0161ini od 75 m\u00b2 . Uz tu odliku, tenda je i inteligentna. Kada vjetar postane prejak,sustav ruku automatsi se preklopi I jedro se zatvara.<\/p><\/div><\/div><\/div>\n\t\t\t\t<\/div>\n\t\t\t\t<\/div>\n\t\t\t\t<div class=\"elementor-element elementor-element-7849f9a elementor-aspect-ratio-169 elementor-widget elementor-widget-raven-video\" data-id=\"7849f9a\" data-element_type=\"widget\" data-settings=\"{&quot;video_type&quot;:&quot;vimeo&quot;,&quot;video_aspect_ratio&quot;:&quot;169&quot;}\" data-widget_type=\"raven-video.default\">\n\t\t\t\t<div class=\"elementor-widget-container\">\n\t\t\t\t\t<div class=\"raven-widget-wrapper\">\n\t\t\t\n\t\t\t\t\t<div class=\"raven-video raven-video-inline elementor-fit-aspect-ratio\">\n\t\t\t\t\t\t<iframe class=\"elementor-video-iframe\" allowfullscreen title=\"vimeo video player\" src=\"https:\/\/player.vimeo.com\/video\/341513565?autoplay=0&amp;loop=0&amp;title=1&amp;portrait=1&amp;byline=1&amp;color&amp;autopause=0#t=\" allow=\"autoplay\"><\/iframe>\t\t\t\t\t<\/div>\n\n\t\t\t\t\t<\/div>\n\t\t\t\t<\/div>\n\t\t\t\t<\/div>\n\t\t\t\t\t<\/div>\n\t\t<\/div>\n\t\t\t\t\t\t\t<\/div>\n\t\t<\/section>\n\t\t\t\t<section class=\"elementor-section elementor-top-section elementor-element elementor-element-e4c71de elementor-section-boxed elementor-section-height-default elementor-section-height-default\" data-id=\"e4c71de\" data-element_type=\"section\">\n\t\t\t\t\t\t<div class=\"elementor-container elementor-column-gap-default\">\n\t\t\t\t\t<div class=\"elementor-column elementor-col-100 elementor-top-column elementor-element elementor-element-eda99b6\" data-id=\"eda99b6\" data-element_type=\"column\">\n\t\t\t<div class=\"elementor-widget-wrap elementor-element-populated\">\n\t\t\t\t\t\t\t\t<div class=\"elementor-element elementor-element-029ab57 elementor-widget elementor-widget-heading\" data-id=\"029ab57\" data-element_type=\"widget\" data-widget_type=\"heading.default\">\n\t\t\t\t<div class=\"elementor-widget-container\">\n\t\t\t<h2 class=\"elementor-heading-title elementor-size-default\">Tra\u017eite li predstavnika ili \u017eelite raditi s nama?<\/h2>\t\t<\/div>\n\t\t\t\t<\/div>\n\t\t\t\t<div class=\"elementor-element elementor-element-6110cd2 elementor-widget elementor-widget-text-editor\" data-id=\"6110cd2\" data-element_type=\"widget\" data-widget_type=\"text-editor.default\">\n\t\t\t\t<div class=\"elementor-widget-container\">\n\t\t\t\t\t<div class=\"elementor-text-editor elementor-clearfix\"><div class=\"wrapper characters-count txt-overflow\"><div class=\"wrapper characters-count txt-overflow\"><div class=\"elementor-element elementor-element-8d654d0 elementor-widget elementor-widget-text-editor\" data-id=\"8d654d0\" data-element_type=\"widget\" data-widget_type=\"text-editor.default\"><div class=\"elementor-widget-container\"><div class=\"elementor-text-editor elementor-clearfix\"><h2>Hotend d.o.o.<\/h2><p>Hotend d.o.o. <br \/>Obrovac 40, 51218 Dra\u017eice, Hrvatska<br \/>T <span lang=\"EN-GB\">+385 51 453953<\/span><\/p><\/div><\/div><\/div><\/div><\/div><\/div>\n\t\t\t\t<\/div>\n\t\t\t\t<\/div>\n\t\t\t\t\t<\/div>\n\t\t<\/div>\n\t\t\t\t\t\t\t<\/div>\n\t\t<\/section>\n\t\t\t\t\t\t<\/div>\n\t\t\t\t\t<\/div>\n\t\t","protected":false},"excerpt":{"rendered":"<p>DUBAI PALM JUMEIRAH SONNENSEGEL MALLORCA PRIVAT BOSCH REGALIA MIAMI 7 PINES RESORT IBIZA Original 12 DOBRIH RAZLOGA ZA ORIGINALNO SUNSQUARE JEDRO SunSquare je izumitelj sklopivih jedara\u00a0 koja se potpuno automatski putem senzora otvaraju i zatvaraju. Jedrima se upravlja putem daljinskog upravlja\u010da i za\u0161ti\u0107ei su od vjetra senzorom za vjetar. Njihov patent je za\u0161ti\u0107en na razini [&hellip;]<\/p>\n","protected":false},"author":1,"featured_media":0,"parent":1832,"menu_order":0,"comment_status":"closed","ping_status":"closed","template":"elementor_header_footer","meta":{"footnotes":""},"class_list":["post-1939","page","type-page","status-publish","hentry"],"_links":{"self":[{"href":"https:\/\/hotend.hr\/hr\/wp-json\/wp\/v2\/pages\/1939","targetHints":{"allow":["GET"]}}],"collection":[{"href":"https:\/\/hotend.hr\/hr\/wp-json\/wp\/v2\/pages"}],"about":[{"href":"https:\/\/hotend.hr\/hr\/wp-json\/wp\/v2\/types\/page"}],"author":[{"embeddable":true,"href":"https:\/\/hotend.hr\/hr\/wp-json\/wp\/v2\/users\/1"}],"replies":[{"embeddable":true,"href":"https:\/\/hotend.hr\/hr\/wp-json\/wp\/v2\/comments?post=1939"}],"version-history":[{"count":5,"href":"https:\/\/hotend.hr\/hr\/wp-json\/wp\/v2\/pages\/1939\/revisions"}],"predecessor-version":[{"id":2151,"href":"https:\/\/hotend.hr\/hr\/wp-json\/wp\/v2\/pages\/1939\/revisions\/2151"}],"up":[{"embeddable":true,"href":"https:\/\/hotend.hr\/hr\/wp-json\/wp\/v2\/pages\/1832"}],"wp:attachment":[{"href":"https:\/\/hotend.hr\/hr\/wp-json\/wp\/v2\/media?parent=1939"}],"curies":[{"name":"wp","href":"https:\/\/api.w.org\/{rel}","templated":true}]}}